{"id":189,"date":"2018-02-23T20:21:27","date_gmt":"2018-02-23T20:21:27","guid":{"rendered":"https:\/\/lesserresbourgeon.ca\/molds\/"},"modified":"2024-04-18T17:07:25","modified_gmt":"2024-04-18T21:07:25","slug":"soils","status":"publish","type":"page","link":"https:\/\/lesserresbourgeon.ca\/en\/soils\/","title":{"rendered":"Soils"},"content":{"rendered":"<div class=\"fusion-fullwidth fullwidth-box fusion-builder-row-1 nonhundred-percent-fullwidth non-hundred-percent-height-scrolling\" style=\"--awb-border-radius-top-left:0px;--awb-border-radius-top-right:0px;--awb-border-radius-bottom-right:0px;--awb-border-radius-bottom-left:0px;--awb-margin-top:-40px;--awb-flex-wrap:wrap;\" ><div class=\"fusion-builder-row fusion-row\"><div class=\"fusion-layout-column fusion_builder_column fusion-builder-column-0 fusion_builder_column_1_3 1_3 fusion-one-third fusion-column-first\" style=\"--awb-padding-top:95px;--awb-bg-size:cover;width:33.333333333333%;width:calc(33.333333333333% - ( ( 20px ) * 0.33333333333333 ) );margin-right: 20px;\"><div class=\"fusion-column-wrapper fusion-flex-column-wrapper-legacy\"><div class=\"fusion-image-element fusion-image-align-left in-legacy-container\" style=\"text-align:left;--awb-caption-title-font-family:var(--h2_typography-font-family);--awb-caption-title-font-weight:var(--h2_typography-font-weight);--awb-caption-title-font-style:var(--h2_typography-font-style);--awb-caption-title-size:var(--h2_typography-font-size);--awb-caption-title-transform:var(--h2_typography-text-transform);--awb-caption-title-line-height:var(--h2_typography-line-height);--awb-caption-title-letter-spacing:var(--h2_typography-letter-spacing);\"><span class=\" fusion-imageframe imageframe-none imageframe-1 hover-type-none\" style=\"margin-right:25px;float:left;\"><img decoding=\"async\" width=\"482\" height=\"660\" title=\"bio urbain\" src=\"https:\/\/lesserresbourgeon.ca\/wp-content\/uploads\/2024\/04\/bio-urbain.png\" alt class=\"img-responsive wp-image-3519\" srcset=\"https:\/\/lesserresbourgeon.ca\/wp-content\/uploads\/2024\/04\/bio-urbain-200x274.png 200w, https:\/\/lesserresbourgeon.ca\/wp-content\/uploads\/2024\/04\/bio-urbain-400x548.png 400w, https:\/\/lesserresbourgeon.ca\/wp-content\/uploads\/2024\/04\/bio-urbain.png 482w\" sizes=\"(max-width: 800px) 100vw, 400px\" \/><\/span><\/div><div class=\"fusion-clearfix\"><\/div><\/div><\/div><div class=\"fusion-layout-column fusion_builder_column fusion-builder-column-1 fusion_builder_column_2_3 2_3 fusion-two-third fusion-column-last\" style=\"--awb-bg-size:cover;width:66.666666666667%;width:calc(66.666666666667% - ( ( 20px ) * 0.66666666666667 ) );\"><div class=\"fusion-column-wrapper fusion-flex-column-wrapper-legacy\"><div class=\"fusion-text fusion-text-1\"><h1><strong>Soils<\/strong><\/h1>\n<p id=\"tw-target-text\" class=\"tw-data-text tw-ta tw-text-small\" dir=\"ltr\" data-placeholder=\"Traduction\"><span lang=\"en\" tabindex=\"0\">There are potting soil specifically developed for different needs, here is the list of potting soil available in our garden center.<\/span><\/p>\n<h3><\/h3>\n<h3><\/h3>\n<\/div><ul style=\"--awb-line-height:23.8px;--awb-icon-width:23.8px;--awb-icon-height:23.8px;--awb-icon-margin:9.8px;--awb-content-margin:33.6px;--awb-circlecolor:#a0ce4e;--awb-circle-yes-font-size:12.32px;\" class=\"fusion-checklist fusion-checklist-1 fusion-checklist-default type-icons\"><li class=\"fusion-li-item\" style=\"\"><span class=\"icon-wrapper circle-yes\"><i class=\"fusion-li-icon fa-envira fab\" aria-hidden=\"true\"><\/i><\/span><div class=\"fusion-li-item-content\">\n<p>MIRACLE MIX Seedling &amp; sprout Mix 32L<\/p>\n<\/div><\/li><li class=\"fusion-li-item\" style=\"\"><span class=\"icon-wrapper circle-yes\"><i class=\"fusion-li-icon fa-envira fab\" aria-hidden=\"true\"><\/i><\/span><div class=\"fusion-li-item-content\">\n<p>MIRACLE MIX Containers &amp; hanging baskets 32L<\/p>\n<\/div><\/li><li class=\"fusion-li-item\" style=\"\"><span class=\"icon-wrapper circle-yes\"><i class=\"fusion-li-icon fa-envira fab\" aria-hidden=\"true\"><\/i><\/span><div class=\"fusion-li-item-content\">\n<p>MIRACLE MIX Annuals &amp; Perennials 32L<\/p>\n<\/div><\/li><li class=\"fusion-li-item\" style=\"\"><span class=\"icon-wrapper circle-yes\"><i class=\"fusion-li-icon fa-envira fab\" aria-hidden=\"true\"><\/i><\/span><div class=\"fusion-li-item-content\">\n<p>MIRACLE MIX 3 Transplanter 32L<\/p>\n<\/div><\/li><li class=\"fusion-li-item\" style=\"\"><span class=\"icon-wrapper circle-yes\"><i class=\"fusion-li-icon fa-envira fab\" aria-hidden=\"true\"><\/i><\/span><div class=\"fusion-li-item-content\">\n<p>MIRACLE MIX Vegetable BIOMIX 32L<\/p>\n<\/div><\/li><li class=\"fusion-li-item\" style=\"\"><span class=\"icon-wrapper circle-yes\"><i class=\"fusion-li-icon fa-envira fab\" aria-hidden=\"true\"><\/i><\/span><div class=\"fusion-li-item-content\">\n<p>MIRACLE MIX BIO URBAIN Vegetable 32L<\/p>\n<\/div><\/li><li class=\"fusion-li-item\" style=\"\"><span class=\"icon-wrapper circle-yes\"><i class=\"fusion-li-icon fa-envira fab\" aria-hidden=\"true\"><\/i><\/span><div class=\"fusion-li-item-content\">\n<p>MIRACLE MIX Berries &amp; acid loving 32L<\/p>\n<\/div><\/li><\/ul><div class=\"fusion-clearfix\"><\/div><\/div><\/div><\/div><\/div>\n","protected":false},"excerpt":{"rendered":"","protected":false},"author":1,"featured_media":0,"parent":0,"menu_order":0,"comment_status":"closed","ping_status":"closed","template":"","meta":{"footnotes":""},"class_list":["post-189","page","type-page","status-publish","hentry"],"yoast_head":"<!-- This site is optimized with the Yoast SEO plugin v27.6 - https:\/\/yoast.com\/product\/yoast-seo-wordpress\/ -->\n<title>Soils - Les Serres Bourgeon Greenhouses<\/title>\n<meta name=\"description\" content=\"Nous vous offrons dans notre Centre jardin, un bon choix de terreaux Fafard s\u00e9cifiquement \u00e9labor\u00e9s pour diff\u00e9rents besoins.\" \/>\n<meta name=\"robots\" content=\"index, follow, max-snippet:-1, max-image-preview:large, max-video-preview:-1\" \/>\n<link rel=\"canonical\" href=\"https:\/\/lesserresbourgeon.ca\/terreaux\/\" \/>\n<meta property=\"og:locale\" content=\"en_US\" \/>\n<meta property=\"og:type\" content=\"article\" \/>\n<meta property=\"og:title\" content=\"Soils - Les Serres Bourgeon Greenhouses\" \/>\n<meta property=\"og:description\" content=\"Nous vous offrons dans notre Centre jardin, un bon choix de terreaux Fafard s\u00e9cifiquement \u00e9labor\u00e9s pour diff\u00e9rents besoins.\" \/>\n<meta property=\"og:url\" content=\"https:\/\/lesserresbourgeon.ca\/terreaux\/\" \/>\n<meta property=\"og:site_name\" content=\"Les Serres Bourgeon Greenhouses\" \/>\n<meta property=\"article:modified_time\" content=\"2024-04-18T21:07:25+00:00\" \/>\n<meta name=\"twitter:card\" content=\"summary_large_image\" \/>\n<meta name=\"twitter:label1\" content=\"Est. reading time\" \/>\n\t<meta name=\"twitter:data1\" content=\"4 minutes\" \/>\n<script type=\"application\/ld+json\" class=\"yoast-schema-graph\">{\"@context\":\"https:\\\/\\\/schema.org\",\"@graph\":[{\"@type\":\"WebPage\",\"@id\":\"https:\\\/\\\/lesserresbourgeon.ca\\\/terreaux\\\/\",\"url\":\"https:\\\/\\\/lesserresbourgeon.ca\\\/terreaux\\\/\",\"name\":\"Soils - Les Serres Bourgeon Greenhouses\",\"isPartOf\":{\"@id\":\"https:\\\/\\\/lesserresbourgeon.ca\\\/#website\"},\"datePublished\":\"2018-02-23T20:21:27+00:00\",\"dateModified\":\"2024-04-18T21:07:25+00:00\",\"description\":\"Nous vous offrons dans notre Centre jardin, un bon choix de terreaux Fafard s\u00e9cifiquement \u00e9labor\u00e9s pour diff\u00e9rents besoins.\",\"breadcrumb\":{\"@id\":\"https:\\\/\\\/lesserresbourgeon.ca\\\/terreaux\\\/#breadcrumb\"},\"inLanguage\":\"en-US\",\"potentialAction\":[{\"@type\":\"ReadAction\",\"target\":[\"https:\\\/\\\/lesserresbourgeon.ca\\\/terreaux\\\/\"]}]},{\"@type\":\"BreadcrumbList\",\"@id\":\"https:\\\/\\\/lesserresbourgeon.ca\\\/terreaux\\\/#breadcrumb\",\"itemListElement\":[{\"@type\":\"ListItem\",\"position\":1,\"name\":\"Accueil\",\"item\":\"https:\\\/\\\/lesserresbourgeon.ca\\\/en\\\/\"},{\"@type\":\"ListItem\",\"position\":2,\"name\":\"Soils\"}]},{\"@type\":\"WebSite\",\"@id\":\"https:\\\/\\\/lesserresbourgeon.ca\\\/#website\",\"url\":\"https:\\\/\\\/lesserresbourgeon.ca\\\/\",\"name\":\"Les Serres Bourgeon Greenhouses\",\"description\":\"producteur local\",\"potentialAction\":[{\"@type\":\"SearchAction\",\"target\":{\"@type\":\"EntryPoint\",\"urlTemplate\":\"https:\\\/\\\/lesserresbourgeon.ca\\\/?s={search_term_string}\"},\"query-input\":{\"@type\":\"PropertyValueSpecification\",\"valueRequired\":true,\"valueName\":\"search_term_string\"}}],\"inLanguage\":\"en-US\"}]}<\/script>\n<!-- \/ Yoast SEO plugin. -->","yoast_head_json":{"title":"Soils - Les Serres Bourgeon Greenhouses","description":"Nous vous offrons dans notre Centre jardin, un bon choix de terreaux Fafard s\u00e9cifiquement \u00e9labor\u00e9s pour diff\u00e9rents besoins.","robots":{"index":"index","follow":"follow","max-snippet":"max-snippet:-1","max-image-preview":"max-image-preview:large","max-video-preview":"max-video-preview:-1"},"canonical":"https:\/\/lesserresbourgeon.ca\/terreaux\/","og_locale":"en_US","og_type":"article","og_title":"Soils - Les Serres Bourgeon Greenhouses","og_description":"Nous vous offrons dans notre Centre jardin, un bon choix de terreaux Fafard s\u00e9cifiquement \u00e9labor\u00e9s pour diff\u00e9rents besoins.","og_url":"https:\/\/lesserresbourgeon.ca\/terreaux\/","og_site_name":"Les Serres Bourgeon Greenhouses","article_modified_time":"2024-04-18T21:07:25+00:00","twitter_card":"summary_large_image","twitter_misc":{"Est. reading time":"4 minutes"},"schema":{"@context":"https:\/\/schema.org","@graph":[{"@type":"WebPage","@id":"https:\/\/lesserresbourgeon.ca\/terreaux\/","url":"https:\/\/lesserresbourgeon.ca\/terreaux\/","name":"Soils - Les Serres Bourgeon Greenhouses","isPartOf":{"@id":"https:\/\/lesserresbourgeon.ca\/#website"},"datePublished":"2018-02-23T20:21:27+00:00","dateModified":"2024-04-18T21:07:25+00:00","description":"Nous vous offrons dans notre Centre jardin, un bon choix de terreaux Fafard s\u00e9cifiquement \u00e9labor\u00e9s pour diff\u00e9rents besoins.","breadcrumb":{"@id":"https:\/\/lesserresbourgeon.ca\/terreaux\/#breadcrumb"},"inLanguage":"en-US","potentialAction":[{"@type":"ReadAction","target":["https:\/\/lesserresbourgeon.ca\/terreaux\/"]}]},{"@type":"BreadcrumbList","@id":"https:\/\/lesserresbourgeon.ca\/terreaux\/#breadcrumb","itemListElement":[{"@type":"ListItem","position":1,"name":"Accueil","item":"https:\/\/lesserresbourgeon.ca\/en\/"},{"@type":"ListItem","position":2,"name":"Soils"}]},{"@type":"WebSite","@id":"https:\/\/lesserresbourgeon.ca\/#website","url":"https:\/\/lesserresbourgeon.ca\/","name":"Les Serres Bourgeon Greenhouses","description":"producteur local","potentialAction":[{"@type":"SearchAction","target":{"@type":"EntryPoint","urlTemplate":"https:\/\/lesserresbourgeon.ca\/?s={search_term_string}"},"query-input":{"@type":"PropertyValueSpecification","valueRequired":true,"valueName":"search_term_string"}}],"inLanguage":"en-US"}]}},"_links":{"self":[{"href":"https:\/\/lesserresbourgeon.ca\/en\/wp-json\/wp\/v2\/pages\/189","targetHints":{"allow":["GET"]}}],"collection":[{"href":"https:\/\/lesserresbourgeon.ca\/en\/wp-json\/wp\/v2\/pages"}],"about":[{"href":"https:\/\/lesserresbourgeon.ca\/en\/wp-json\/wp\/v2\/types\/page"}],"author":[{"embeddable":true,"href":"https:\/\/lesserresbourgeon.ca\/en\/wp-json\/wp\/v2\/users\/1"}],"replies":[{"embeddable":true,"href":"https:\/\/lesserresbourgeon.ca\/en\/wp-json\/wp\/v2\/comments?post=189"}],"version-history":[{"count":14,"href":"https:\/\/lesserresbourgeon.ca\/en\/wp-json\/wp\/v2\/pages\/189\/revisions"}],"predecessor-version":[{"id":3533,"href":"https:\/\/lesserresbourgeon.ca\/en\/wp-json\/wp\/v2\/pages\/189\/revisions\/3533"}],"wp:attachment":[{"href":"https:\/\/lesserresbourgeon.ca\/en\/wp-json\/wp\/v2\/media?parent=189"}],"curies":[{"name":"wp","href":"https:\/\/api.w.org\/{rel}","templated":true}]}}