{"id":1570,"date":"2019-03-18T21:31:19","date_gmt":"2019-03-18T21:31:19","guid":{"rendered":"https:\/\/lesserresbourgeon.ca\/horticultural-products\/garden-ornaments\/"},"modified":"2019-03-28T19:56:25","modified_gmt":"2019-03-28T19:56:25","slug":"garden-ornaments","status":"publish","type":"page","link":"https:\/\/lesserresbourgeon.ca\/en\/horticultural-products\/garden-ornaments\/","title":{"rendered":"Garden ornaments"},"content":{"rendered":"<p><div class=\"fusion-fullwidth fullwidth-box fusion-builder-row-1 nonhundred-percent-fullwidth non-hundred-percent-height-scrolling\" style=\"--awb-border-radius-top-left:0px;--awb-border-radius-top-right:0px;--awb-border-radius-bottom-right:0px;--awb-border-radius-bottom-left:0px;--awb-margin-top:-40px;--awb-flex-wrap:wrap;\" ><div class=\"fusion-builder-row fusion-row\"><div class=\"fusion-layout-column fusion_builder_column fusion-builder-column-0 fusion_builder_column_1_1 1_1 fusion-one-full fusion-column-first fusion-column-last\" style=\"--awb-bg-size:cover;\"><div class=\"fusion-column-wrapper fusion-flex-column-wrapper-legacy\"><div class=\"fusion-text fusion-text-1\"><h1><strong>Garden ornaments<\/strong><\/h1>\n<p>At Bourgeon Greenhouses, you&#8217;ll find many garden decorating items, including Pacific Rim and Castart Studios products. Our showroom is full of possibilities to complement the effect of plants in your landscaping. Benches, bird baths, fountains, sealed concrete garden ornaments, bistro table and chairs, metal trellises, metal decorations, whiskey barrels. We also offer fair trade bamboo bags from Madagascar.<\/p>\n<\/div><div class=\"fusion-clearfix\"><\/div><\/div><\/div><div class=\"fusion-layout-column fusion_builder_column fusion-builder-column-1 fusion_builder_column_1_2 1_2 fusion-one-half fusion-column-first\" style=\"--awb-bg-size:cover;width:50%;width:calc(50% - ( ( 4% ) * 0.5 ) );margin-right: 4%;\"><div class=\"fusion-column-wrapper fusion-flex-column-wrapper-legacy\"><div class=\"fusion-title title fusion-title-1 fusion-title-text fusion-title-size-one\" style=\"--awb-margin-top-small:0px;--awb-margin-right-small:0px;--awb-margin-bottom-small:20px;--awb-margin-left-small:0px;\"><h1 class=\"fusion-title-heading title-heading-left fusion-responsive-typography-calculated\" style=\"margin:0;--fontSize:34;line-height:1.4;\"><h2><strong>Garden ornaments<\/strong><\/h2><\/h1><span class=\"awb-title-spacer\"><\/span><div class=\"title-sep-container\"><div class=\"title-sep sep-double sep-solid\" style=\"border-color:#e0dede;\"><\/div><\/div><\/div><div class=\"fusion-image-element in-legacy-container\" style=\"--awb-caption-title-font-family:var(--h2_typography-font-family);--awb-caption-title-font-weight:var(--h2_typography-font-weight);--awb-caption-title-font-style:var(--h2_typography-font-style);--awb-caption-title-size:var(--h2_typography-font-size);--awb-caption-title-transform:var(--h2_typography-text-transform);--awb-caption-title-line-height:var(--h2_typography-line-height);--awb-caption-title-letter-spacing:var(--h2_typography-letter-spacing);\"><span class=\" fusion-imageframe imageframe-dropshadow imageframe-1 hover-type-none\" style=\"-webkit-box-shadow: 5px 5px 9px rgba(0,0,0,0.3);box-shadow: 5px 5px 9px rgba(0,0,0,0.3);\"><img decoding=\"async\" width=\"800\" height=\"531\" alt=\"garden ornaments\" title=\"garden ornaments\" src=\"https:\/\/lesserresbourgeon.ca\/wp-content\/uploads\/2019\/03\/pots_jardinieres_2.jpg\" class=\"img-responsive wp-image-1235\" srcset=\"https:\/\/lesserresbourgeon.ca\/wp-content\/uploads\/2019\/03\/pots_jardinieres_2-200x133.jpg 200w, https:\/\/lesserresbourgeon.ca\/wp-content\/uploads\/2019\/03\/pots_jardinieres_2-400x266.jpg 400w, https:\/\/lesserresbourgeon.ca\/wp-content\/uploads\/2019\/03\/pots_jardinieres_2-600x398.jpg 600w, https:\/\/lesserresbourgeon.ca\/wp-content\/uploads\/2019\/03\/pots_jardinieres_2.jpg 800w\" sizes=\"(max-width: 800px) 100vw, 600px\" \/><\/span><\/div><div class=\"fusion-clearfix\"><\/div><\/div><\/div><div class=\"fusion-layout-column fusion_builder_column fusion-builder-column-2 fusion_builder_column_1_2 1_2 fusion-one-half fusion-column-last\" style=\"--awb-bg-size:cover;width:50%;width:calc(50% - ( ( 4% ) * 0.5 ) );\"><div class=\"fusion-column-wrapper fusion-flex-column-wrapper-legacy\"><div class=\"fusion-title title fusion-title-2 fusion-title-text fusion-title-size-one\" style=\"--awb-margin-top-small:0px;--awb-margin-right-small:0px;--awb-margin-bottom-small:20px;--awb-margin-left-small:0px;\"><h1 class=\"fusion-title-heading title-heading-left fusion-responsive-typography-calculated\" style=\"margin:0;--fontSize:34;line-height:1.4;\"><h2><strong>Bamboo bags<\/strong><\/h2><\/h1><span class=\"awb-title-spacer\"><\/span><div class=\"title-sep-container\"><div class=\"title-sep sep-double sep-solid\" style=\"border-color:#e0dede;\"><\/div><\/div><\/div><div class=\"fusion-image-element in-legacy-container\" style=\"--awb-caption-title-font-family:var(--h2_typography-font-family);--awb-caption-title-font-weight:var(--h2_typography-font-weight);--awb-caption-title-font-style:var(--h2_typography-font-style);--awb-caption-title-size:var(--h2_typography-font-size);--awb-caption-title-transform:var(--h2_typography-text-transform);--awb-caption-title-line-height:var(--h2_typography-line-height);--awb-caption-title-letter-spacing:var(--h2_typography-letter-spacing);\"><span class=\" fusion-imageframe imageframe-dropshadow imageframe-2 hover-type-none\" style=\"-webkit-box-shadow: 5px 5px 9px rgba(0,0,0,0.3);box-shadow: 5px 5px 9px rgba(0,0,0,0.3);\"><img decoding=\"async\" width=\"1000\" height=\"655\" alt=\"bamboo bags\" title=\"bamboo bags\" src=\"https:\/\/lesserresbourgeon.ca\/wp-content\/uploads\/2019\/03\/sacs_bambou.jpg\" class=\"img-responsive wp-image-1237\" srcset=\"https:\/\/lesserresbourgeon.ca\/wp-content\/uploads\/2019\/03\/sacs_bambou-200x131.jpg 200w, https:\/\/lesserresbourgeon.ca\/wp-content\/uploads\/2019\/03\/sacs_bambou-400x262.jpg 400w, https:\/\/lesserresbourgeon.ca\/wp-content\/uploads\/2019\/03\/sacs_bambou-600x393.jpg 600w, https:\/\/lesserresbourgeon.ca\/wp-content\/uploads\/2019\/03\/sacs_bambou-800x524.jpg 800w, https:\/\/lesserresbourgeon.ca\/wp-content\/uploads\/2019\/03\/sacs_bambou.jpg 1000w\" sizes=\"(max-width: 800px) 100vw, 600px\" \/><\/span><\/div><div class=\"fusion-clearfix\"><\/div><\/div><\/div><\/div><\/div><div class=\"fusion-fullwidth fullwidth-box fusion-builder-row-2 nonhundred-percent-fullwidth non-hundred-percent-height-scrolling\" style=\"--awb-border-radius-top-left:0px;--awb-border-radius-top-right:0px;--awb-border-radius-bottom-right:0px;--awb-border-radius-bottom-left:0px;--awb-margin-top:-40px;--awb-flex-wrap:wrap;\" ><div class=\"fusion-builder-row fusion-row\"><div class=\"fusion-layout-column fusion_builder_column fusion-builder-column-3 fusion_builder_column_1_1 1_1 fusion-one-full fusion-column-first fusion-column-last\" style=\"--awb-padding-top:50px;--awb-bg-size:cover;\"><div class=\"fusion-column-wrapper fusion-flex-column-wrapper-legacy\"><div class=\"fusion-title title fusion-title-3 fusion-title-text fusion-title-size-one\" style=\"--awb-margin-top-small:0px;--awb-margin-right-small:0px;--awb-margin-bottom-small:20px;--awb-margin-left-small:0px;\"><h1 class=\"fusion-title-heading title-heading-left fusion-responsive-typography-calculated\" style=\"margin:0;--fontSize:34;line-height:1.4;\"><h2><strong>Castart Studios<\/strong><\/h2><\/h1><span class=\"awb-title-spacer\"><\/span><div class=\"title-sep-container\"><div class=\"title-sep sep-double sep-solid\" style=\"border-color:#e0dede;\"><\/div><\/div><\/div><div class=\"awb-gallery-wrapper awb-gallery-wrapper-1 button-span-no\"><div style=\"margin:-5px;--awb-bordersize:0px;--awb-columns-medium:100%;--awb-columns-small:100%;\" class=\"fusion-gallery fusion-gallery-container fusion-grid-3 fusion-columns-total-6 fusion-gallery-layout-grid fusion-gallery-1\"><div style=\"padding:5px;\" class=\"fusion-grid-column fusion-gallery-column fusion-gallery-column-3 hover-type-none\"><div class=\"fusion-gallery-image\"><a href=\"https:\/\/lesserresbourgeon.ca\/wp-content\/uploads\/2019\/03\/Butterfly_bench_curved.jpg\" rel=\"noreferrer\" data-rel=\"iLightbox[gallery_image_1]\" class=\"fusion-lightbox\" target=\"_self\"><img decoding=\"async\" src=\"https:\/\/lesserresbourgeon.ca\/wp-content\/uploads\/2019\/03\/Butterfly_bench_curved.jpg\" width=\"600\" height=\"600\" alt=\"  butterfly pot\" title=\"butterfly pot\" aria-label=\"butterfly pot\" class=\"img-responsive wp-image-1241\" srcset=\"https:\/\/lesserresbourgeon.ca\/wp-content\/uploads\/2019\/03\/Butterfly_bench_curved-200x200.jpg 200w, https:\/\/lesserresbourgeon.ca\/wp-content\/uploads\/2019\/03\/Butterfly_bench_curved-400x400.jpg 400w, https:\/\/lesserresbourgeon.ca\/wp-content\/uploads\/2019\/03\/Butterfly_bench_curved.jpg 600w\" sizes=\"(min-width: 2200px) 100vw, (min-width: 784px) 363px, (min-width: 712px) 545px, (min-width: 640px) 712px, \" \/><\/a><\/div><\/div><div style=\"padding:5px;\" class=\"fusion-grid-column fusion-gallery-column fusion-gallery-column-3 hover-type-none\"><div class=\"fusion-gallery-image\"><a href=\"https:\/\/lesserresbourgeon.ca\/wp-content\/uploads\/2019\/03\/Butterfly-Bench-Curved.jpg\" rel=\"noreferrer\" data-rel=\"iLightbox[gallery_image_1]\" class=\"fusion-lightbox\" target=\"_self\"><img decoding=\"async\" src=\"https:\/\/lesserresbourgeon.ca\/wp-content\/uploads\/2019\/03\/Butterfly-Bench-Curved.jpg\" width=\"797\" height=\"797\" alt=\"butterfly bench curved\" title=\"butterfly bench curved\" aria-label=\"butterfly bench curved\" class=\"img-responsive wp-image-1243\" srcset=\"https:\/\/lesserresbourgeon.ca\/wp-content\/uploads\/2019\/03\/Butterfly-Bench-Curved-200x200.jpg 200w, https:\/\/lesserresbourgeon.ca\/wp-content\/uploads\/2019\/03\/Butterfly-Bench-Curved-400x400.jpg 400w, https:\/\/lesserresbourgeon.ca\/wp-content\/uploads\/2019\/03\/Butterfly-Bench-Curved-600x600.jpg 600w, https:\/\/lesserresbourgeon.ca\/wp-content\/uploads\/2019\/03\/Butterfly-Bench-Curved.jpg 797w\" sizes=\"(min-width: 2200px) 100vw, (min-width: 784px) 363px, (min-width: 712px) 545px, (min-width: 640px) 712px, \" \/><\/a><\/div><\/div><div style=\"padding:5px;\" class=\"fusion-grid-column fusion-gallery-column fusion-gallery-column-3 hover-type-none\"><div class=\"fusion-gallery-image\"><a href=\"https:\/\/lesserresbourgeon.ca\/wp-content\/uploads\/2019\/03\/butterfly_birdbaths.jpg\" rel=\"noreferrer\" data-rel=\"iLightbox[gallery_image_1]\" class=\"fusion-lightbox\" target=\"_self\"><img decoding=\"async\" src=\"https:\/\/lesserresbourgeon.ca\/wp-content\/uploads\/2019\/03\/butterfly_birdbaths.jpg\" width=\"700\" height=\"700\" alt=\"butterfly birdbaths\" title=\"butterfly birdbaths\" aria-label=\"butterfly birdbaths\" class=\"img-responsive wp-image-1245\" srcset=\"https:\/\/lesserresbourgeon.ca\/wp-content\/uploads\/2019\/03\/butterfly_birdbaths-200x200.jpg 200w, https:\/\/lesserresbourgeon.ca\/wp-content\/uploads\/2019\/03\/butterfly_birdbaths-400x400.jpg 400w, https:\/\/lesserresbourgeon.ca\/wp-content\/uploads\/2019\/03\/butterfly_birdbaths-600x600.jpg 600w, https:\/\/lesserresbourgeon.ca\/wp-content\/uploads\/2019\/03\/butterfly_birdbaths.jpg 700w\" sizes=\"(min-width: 2200px) 100vw, (min-width: 784px) 363px, (min-width: 712px) 545px, (min-width: 640px) 712px, \" \/><\/a><\/div><\/div><div class=\"clearfix\"><\/div><div style=\"padding:5px;\" class=\"fusion-grid-column fusion-gallery-column fusion-gallery-column-3 hover-type-none\"><div class=\"fusion-gallery-image\"><a href=\"https:\/\/lesserresbourgeon.ca\/wp-content\/uploads\/2019\/03\/Hortis_Reginae.jpg\" rel=\"noreferrer\" data-rel=\"iLightbox[gallery_image_1]\" class=\"fusion-lightbox\" target=\"_self\"><img decoding=\"async\" src=\"https:\/\/lesserresbourgeon.ca\/wp-content\/uploads\/2019\/03\/Hortis_Reginae.jpg\" width=\"300\" height=\"300\" alt=\"Hortis Reginae birdbath\" title=\"Hortis Reginae birdbath\" aria-label=\"Hortis Reginae birdbath\" class=\"img-responsive wp-image-1249\" srcset=\"https:\/\/lesserresbourgeon.ca\/wp-content\/uploads\/2019\/03\/Hortis_Reginae-200x200.jpg 200w, https:\/\/lesserresbourgeon.ca\/wp-content\/uploads\/2019\/03\/Hortis_Reginae.jpg 300w\" sizes=\"(min-width: 2200px) 100vw, (min-width: 784px) 363px, (min-width: 712px) 545px, (min-width: 640px) 712px, \" \/><\/a><\/div><\/div><div style=\"padding:5px;\" class=\"fusion-grid-column fusion-gallery-column fusion-gallery-column-3 hover-type-none\"><div class=\"fusion-gallery-image\"><a href=\"https:\/\/lesserresbourgeon.ca\/wp-content\/uploads\/2019\/03\/Terra_Dormis.jpg\" rel=\"noreferrer\" data-rel=\"iLightbox[gallery_image_1]\" class=\"fusion-lightbox\" target=\"_self\"><img decoding=\"async\" src=\"https:\/\/lesserresbourgeon.ca\/wp-content\/uploads\/2019\/03\/Terra_Dormis.jpg\" width=\"300\" height=\"300\" alt=\"Terra Dormis face collection\" title=\"Terra Dormis face collection\" aria-label=\"Terra Dormis face collection\" class=\"img-responsive wp-image-1251\" srcset=\"https:\/\/lesserresbourgeon.ca\/wp-content\/uploads\/2019\/03\/Terra_Dormis-200x200.jpg 200w, https:\/\/lesserresbourgeon.ca\/wp-content\/uploads\/2019\/03\/Terra_Dormis.jpg 300w\" sizes=\"(min-width: 2200px) 100vw, (min-width: 784px) 363px, (min-width: 712px) 545px, (min-width: 640px) 712px, \" \/><\/a><\/div><\/div><div style=\"padding:5px;\" class=\"fusion-grid-column fusion-gallery-column fusion-gallery-column-3 hover-type-none\"><div class=\"fusion-gallery-image\"><a href=\"https:\/\/lesserresbourgeon.ca\/wp-content\/uploads\/2019\/03\/Garden_Mushrooms.jpg\" rel=\"noreferrer\" data-rel=\"iLightbox[gallery_image_1]\" class=\"fusion-lightbox\" target=\"_self\"><img decoding=\"async\" src=\"https:\/\/lesserresbourgeon.ca\/wp-content\/uploads\/2019\/03\/Garden_Mushrooms.jpg\" width=\"300\" height=\"300\" alt=\"garden mushrooms ornament\" title=\"garden mushrooms ornament\" aria-label=\"garden mushrooms ornament\" class=\"img-responsive wp-image-1258\" srcset=\"https:\/\/lesserresbourgeon.ca\/wp-content\/uploads\/2019\/03\/Garden_Mushrooms-200x200.jpg 200w, https:\/\/lesserresbourgeon.ca\/wp-content\/uploads\/2019\/03\/Garden_Mushrooms.jpg 300w\" sizes=\"(min-width: 2200px) 100vw, (min-width: 784px) 363px, (min-width: 712px) 545px, (min-width: 640px) 712px, \" \/><\/a><\/div><\/div><div class=\"clearfix\"><\/div><\/div><\/div><div class=\"fusion-clearfix\"><\/div><\/div><\/div><\/div><\/div><\/p>\n","protected":false},"excerpt":{"rendered":"","protected":false},"author":1,"featured_media":0,"parent":188,"menu_order":0,"comment_status":"closed","ping_status":"closed","template":"","meta":{"footnotes":""},"class_list":["post-1570","page","type-page","status-publish","hentry"],"yoast_head":"<!-- This site is optimized with the Yoast SEO plugin v27.5 - https:\/\/yoast.com\/product\/yoast-seo-wordpress\/ -->\n<title>Garden ornaments - Les Serres Bourgeon Greenhouses<\/title>\n<meta name=\"description\" content=\"Vous retrouverez plusieurs items de d\u00e9coration pour le jardin, dont les produits Pacific Rim et Castart Studios, pour compl\u00e9ter l\u2019effet des v\u00e9g\u00e9taux dans vos am\u00e9nagements paysagers.\" \/>\n<meta name=\"robots\" content=\"index, follow, max-snippet:-1, max-image-preview:large, max-video-preview:-1\" \/>\n<link rel=\"canonical\" href=\"https:\/\/lesserresbourgeon.ca\/en\/horticultural-products\/garden-ornaments\/\" \/>\n<meta property=\"og:locale\" content=\"en_US\" \/>\n<meta property=\"og:type\" content=\"article\" \/>\n<meta property=\"og:title\" content=\"Garden ornaments - Les Serres Bourgeon Greenhouses\" \/>\n<meta property=\"og:description\" content=\"Vous retrouverez plusieurs items de d\u00e9coration pour le jardin, dont les produits Pacific Rim et Castart Studios, pour compl\u00e9ter l\u2019effet des v\u00e9g\u00e9taux dans vos am\u00e9nagements paysagers.\" \/>\n<meta property=\"og:url\" content=\"https:\/\/lesserresbourgeon.ca\/en\/horticultural-products\/garden-ornaments\/\" \/>\n<meta property=\"og:site_name\" content=\"Les Serres Bourgeon Greenhouses\" \/>\n<meta property=\"article:modified_time\" content=\"2019-03-28T19:56:25+00:00\" \/>\n<meta name=\"twitter:card\" content=\"summary_large_image\" \/>\n<meta name=\"twitter:label1\" content=\"Est. reading time\" \/>\n\t<meta name=\"twitter:data1\" content=\"5 minutes\" \/>\n<script type=\"application\/ld+json\" class=\"yoast-schema-graph\">{\"@context\":\"https:\\\/\\\/schema.org\",\"@graph\":[{\"@type\":\"WebPage\",\"@id\":\"https:\\\/\\\/lesserresbourgeon.ca\\\/en\\\/horticultural-products\\\/garden-ornaments\\\/\",\"url\":\"https:\\\/\\\/lesserresbourgeon.ca\\\/en\\\/horticultural-products\\\/garden-ornaments\\\/\",\"name\":\"Garden ornaments - Les Serres Bourgeon Greenhouses\",\"isPartOf\":{\"@id\":\"https:\\\/\\\/lesserresbourgeon.ca\\\/#website\"},\"datePublished\":\"2019-03-18T21:31:19+00:00\",\"dateModified\":\"2019-03-28T19:56:25+00:00\",\"description\":\"Vous retrouverez plusieurs items de d\u00e9coration pour le jardin, dont les produits Pacific Rim et Castart Studios, pour compl\u00e9ter l\u2019effet des v\u00e9g\u00e9taux dans vos am\u00e9nagements paysagers.\",\"breadcrumb\":{\"@id\":\"https:\\\/\\\/lesserresbourgeon.ca\\\/en\\\/horticultural-products\\\/garden-ornaments\\\/#breadcrumb\"},\"inLanguage\":\"en-US\",\"potentialAction\":[{\"@type\":\"ReadAction\",\"target\":[\"https:\\\/\\\/lesserresbourgeon.ca\\\/en\\\/horticultural-products\\\/garden-ornaments\\\/\"]}]},{\"@type\":\"BreadcrumbList\",\"@id\":\"https:\\\/\\\/lesserresbourgeon.ca\\\/en\\\/horticultural-products\\\/garden-ornaments\\\/#breadcrumb\",\"itemListElement\":[{\"@type\":\"ListItem\",\"position\":1,\"name\":\"Accueil\",\"item\":\"https:\\\/\\\/lesserresbourgeon.ca\\\/en\\\/\"},{\"@type\":\"ListItem\",\"position\":2,\"name\":\"Horticultural products\",\"item\":\"https:\\\/\\\/lesserresbourgeon.ca\\\/produits-horticoles\\\/\"},{\"@type\":\"ListItem\",\"position\":3,\"name\":\"Garden ornaments\"}]},{\"@type\":\"WebSite\",\"@id\":\"https:\\\/\\\/lesserresbourgeon.ca\\\/#website\",\"url\":\"https:\\\/\\\/lesserresbourgeon.ca\\\/\",\"name\":\"Les Serres Bourgeon Greenhouses\",\"description\":\"producteur local\",\"potentialAction\":[{\"@type\":\"SearchAction\",\"target\":{\"@type\":\"EntryPoint\",\"urlTemplate\":\"https:\\\/\\\/lesserresbourgeon.ca\\\/?s={search_term_string}\"},\"query-input\":{\"@type\":\"PropertyValueSpecification\",\"valueRequired\":true,\"valueName\":\"search_term_string\"}}],\"inLanguage\":\"en-US\"}]}<\/script>\n<!-- \/ Yoast SEO plugin. -->","yoast_head_json":{"title":"Garden ornaments - Les Serres Bourgeon Greenhouses","description":"Vous retrouverez plusieurs items de d\u00e9coration pour le jardin, dont les produits Pacific Rim et Castart Studios, pour compl\u00e9ter l\u2019effet des v\u00e9g\u00e9taux dans vos am\u00e9nagements paysagers.","robots":{"index":"index","follow":"follow","max-snippet":"max-snippet:-1","max-image-preview":"max-image-preview:large","max-video-preview":"max-video-preview:-1"},"canonical":"https:\/\/lesserresbourgeon.ca\/en\/horticultural-products\/garden-ornaments\/","og_locale":"en_US","og_type":"article","og_title":"Garden ornaments - Les Serres Bourgeon Greenhouses","og_description":"Vous retrouverez plusieurs items de d\u00e9coration pour le jardin, dont les produits Pacific Rim et Castart Studios, pour compl\u00e9ter l\u2019effet des v\u00e9g\u00e9taux dans vos am\u00e9nagements paysagers.","og_url":"https:\/\/lesserresbourgeon.ca\/en\/horticultural-products\/garden-ornaments\/","og_site_name":"Les Serres Bourgeon Greenhouses","article_modified_time":"2019-03-28T19:56:25+00:00","twitter_card":"summary_large_image","twitter_misc":{"Est. reading time":"5 minutes"},"schema":{"@context":"https:\/\/schema.org","@graph":[{"@type":"WebPage","@id":"https:\/\/lesserresbourgeon.ca\/en\/horticultural-products\/garden-ornaments\/","url":"https:\/\/lesserresbourgeon.ca\/en\/horticultural-products\/garden-ornaments\/","name":"Garden ornaments - Les Serres Bourgeon Greenhouses","isPartOf":{"@id":"https:\/\/lesserresbourgeon.ca\/#website"},"datePublished":"2019-03-18T21:31:19+00:00","dateModified":"2019-03-28T19:56:25+00:00","description":"Vous retrouverez plusieurs items de d\u00e9coration pour le jardin, dont les produits Pacific Rim et Castart Studios, pour compl\u00e9ter l\u2019effet des v\u00e9g\u00e9taux dans vos am\u00e9nagements paysagers.","breadcrumb":{"@id":"https:\/\/lesserresbourgeon.ca\/en\/horticultural-products\/garden-ornaments\/#breadcrumb"},"inLanguage":"en-US","potentialAction":[{"@type":"ReadAction","target":["https:\/\/lesserresbourgeon.ca\/en\/horticultural-products\/garden-ornaments\/"]}]},{"@type":"BreadcrumbList","@id":"https:\/\/lesserresbourgeon.ca\/en\/horticultural-products\/garden-ornaments\/#breadcrumb","itemListElement":[{"@type":"ListItem","position":1,"name":"Accueil","item":"https:\/\/lesserresbourgeon.ca\/en\/"},{"@type":"ListItem","position":2,"name":"Horticultural products","item":"https:\/\/lesserresbourgeon.ca\/produits-horticoles\/"},{"@type":"ListItem","position":3,"name":"Garden ornaments"}]},{"@type":"WebSite","@id":"https:\/\/lesserresbourgeon.ca\/#website","url":"https:\/\/lesserresbourgeon.ca\/","name":"Les Serres Bourgeon Greenhouses","description":"producteur local","potentialAction":[{"@type":"SearchAction","target":{"@type":"EntryPoint","urlTemplate":"https:\/\/lesserresbourgeon.ca\/?s={search_term_string}"},"query-input":{"@type":"PropertyValueSpecification","valueRequired":true,"valueName":"search_term_string"}}],"inLanguage":"en-US"}]}},"_links":{"self":[{"href":"https:\/\/lesserresbourgeon.ca\/en\/wp-json\/wp\/v2\/pages\/1570","targetHints":{"allow":["GET"]}}],"collection":[{"href":"https:\/\/lesserresbourgeon.ca\/en\/wp-json\/wp\/v2\/pages"}],"about":[{"href":"https:\/\/lesserresbourgeon.ca\/en\/wp-json\/wp\/v2\/types\/page"}],"author":[{"embeddable":true,"href":"https:\/\/lesserresbourgeon.ca\/en\/wp-json\/wp\/v2\/users\/1"}],"replies":[{"embeddable":true,"href":"https:\/\/lesserresbourgeon.ca\/en\/wp-json\/wp\/v2\/comments?post=1570"}],"version-history":[{"count":18,"href":"https:\/\/lesserresbourgeon.ca\/en\/wp-json\/wp\/v2\/pages\/1570\/revisions"}],"predecessor-version":[{"id":2309,"href":"https:\/\/lesserresbourgeon.ca\/en\/wp-json\/wp\/v2\/pages\/1570\/revisions\/2309"}],"up":[{"embeddable":true,"href":"https:\/\/lesserresbourgeon.ca\/en\/wp-json\/wp\/v2\/pages\/188"}],"wp:attachment":[{"href":"https:\/\/lesserresbourgeon.ca\/en\/wp-json\/wp\/v2\/media?parent=1570"}],"curies":[{"name":"wp","href":"https:\/\/api.w.org\/{rel}","templated":true}]}}